{"id":67,"date":"2011-01-30T20:00:44","date_gmt":"2011-01-30T20:00:44","guid":{"rendered":"http:\/\/www.schematherapie-groningen.nl\/?page_id=67"},"modified":"2011-03-22T20:14:07","modified_gmt":"2011-03-22T20:14:07","slug":"schematherapie","status":"publish","type":"page","link":"https:\/\/www.schematherapie-groningen.nl\/?page_id=67","title":{"rendered":"Schematherapie"},"content":{"rendered":"<p>Schematherapie is een vorm van psychotherapie waarbij gebruik gemaakt wordt van<br \/>\nbewezen effectieve werkwijzen uit verschillende psychotherapeutische stromingen onder<br \/>\nandere uit de cognitieve gedragstherapie en de experienti\u00eble (ervaringsgerichte) therapie.<\/p>\n<p><strong>Wat zijn schema\u2019s?<\/strong><\/p>\n<p>De manier waarop we de werkelijkheid waarnemen, wordt gekleurd door de bril van onze schema\u2019s. Schema\u2019s zijn overtuigingen en gevoelens over onszelf, de ander en de wereld. Ze ontstaan in de kindertijd en breiden zich daarna uit. Ze be\u00efnvloeden ons denken, voelen en handelen. Zo ontstaan bepaalde patronen in ons leven die zichzelf in stand houden en die sterke weerstand bieden tegen verandering. Wanneer deze patronen je leven dusdanig negatief be\u00efnvloeden, dat het contact met jezelf en je omgeving verstoord is geraakt, kan het zinvol zijn om in therapie te gaan.<\/p>\n<p>Een voorbeeld: als je ervan overtuigd bent dat iets altijd beter kan, zie je ook altijd zaken die niet perfect zijn; je zweept jezelf op, raakt uitgeput en ook al vinden anderen dat het goed genoeg is, jij vindt altijd wel iets dat voor verbetering vatbaar is.<\/p>\n<p>Nog een voorbeeld: als je vroeger op school gepest bent, ben je wellicht van mening dat je anders bent dan anderen. In gezelschap vind je het moeilijk om je eigen idee\u00ebn naar voren te brengen. Doordat je weinig van jezelf laat zien, bevestig je alleen maar het idee dat je anders bent dan anderen. Je handelt als het ware nog steeds in de overtuiging dat de ander er op uit is om je een hak te zetten. Doordat je jezelf terugtrekt, gaat een ander je juist als een buitenstaander zien. Je roept het \u201cer niet bijhoren\u201d onbedoeld weer over jezelf af.<\/p>\n<p>Wanneer schema\u2019s geraakt worden reageren we t\u00e9 fel, t\u00e9 verdrietig, t\u00e9 boos of t\u00e9 blij.<\/p>\n<p>In de schemagerichte therapie wordt gewerkt aan het beter leren omgaan met die situaties waarin je in jouw leven vaak tegenaan loopt.<\/p>\n","protected":false},"excerpt":{"rendered":"<p>Schematherapie is een vorm van psychotherapie waarbij gebruik gemaakt wordt van bewezen effectieve werkwijzen uit verschillende psychotherapeutische stromingen onder andere uit de cognitieve gedragstherapie en de experienti\u00eble (ervaringsgerichte) therapie. Wat zijn schema\u2019s? De manier waarop we de werkelijkheid waarnemen, wordt &hellip; <a href=\"https:\/\/www.schematherapie-groningen.nl\/?page_id=67\">Continue reading <span class=\"meta-nav\">&rarr;<\/span><\/a><\/p>\n","protected":false},"author":2,"featured_media":0,"parent":0,"menu_order":0,"comment_status":"closed","ping_status":"open","template":"onecolumn-page.php","meta":{"footnotes":""},"class_list":["post-67","page","type-page","status-publish","hentry"],"aioseo_notices":[],"_links":{"self":[{"href":"https:\/\/www.schematherapie-groningen.nl\/index.php?rest_route=\/wp\/v2\/pages\/67","targetHints":{"allow":["GET"]}}],"collection":[{"href":"https:\/\/www.schematherapie-groningen.nl\/index.php?rest_route=\/wp\/v2\/pages"}],"about":[{"href":"https:\/\/www.schematherapie-groningen.nl\/index.php?rest_route=\/wp\/v2\/types\/page"}],"author":[{"embeddable":true,"href":"https:\/\/www.schematherapie-groningen.nl\/index.php?rest_route=\/wp\/v2\/users\/2"}],"replies":[{"embeddable":true,"href":"https:\/\/www.schematherapie-groningen.nl\/index.php?rest_route=%2Fwp%2Fv2%2Fcomments&post=67"}],"version-history":[{"count":4,"href":"https:\/\/www.schematherapie-groningen.nl\/index.php?rest_route=\/wp\/v2\/pages\/67\/revisions"}],"predecessor-version":[{"id":98,"href":"https:\/\/www.schematherapie-groningen.nl\/index.php?rest_route=\/wp\/v2\/pages\/67\/revisions\/98"}],"wp:attachment":[{"href":"https:\/\/www.schematherapie-groningen.nl\/index.php?rest_route=%2Fwp%2Fv2%2Fmedia&parent=67"}],"curies":[{"name":"wp","href":"https:\/\/api.w.org\/{rel}","templated":true}]}}